{"id":36783,"date":"2022-09-22T06:58:26","date_gmt":"2022-09-22T06:58:26","guid":{"rendered":"https:\/\/2english.com\/?page_id=36783"},"modified":"2025-04-21T14:07:15","modified_gmt":"2025-04-21T11:07:15","slug":"certificate","status":"publish","type":"page","link":"https:\/\/2english.com\/pt\/certificate\/","title":{"rendered":"Certid\u00e3o"},"content":{"rendered":"<div data-elementor-type=\"wp-page\" data-elementor-id=\"36783\" class=\"elementor elementor-36783\" data-elementor-post-type=\"page\">\n\t\t\t\t\t\t<section class=\"elementor-section elementor-top-section elementor-element elementor-element-32d7f7e elementor-section-boxed elementor-section-height-default elementor-section-height-default\" data-id=\"32d7f7e\" data-element_type=\"section\" data-settings=\"{&quot;background_background&quot;:&quot;gradient&quot;,&quot;shape_divider_bottom&quot;:&quot;waves&quot;,&quot;shape_divider_bottom_negative&quot;:&quot;yes&quot;}\">\n\t\t\t\t\t<div class=\"elementor-shape elementor-shape-bottom\" aria-hidden=\"true\" data-negative=\"true\">\n\t\t\t<svg xmlns=\"http:\/\/www.w3.org\/2000\/svg\" viewbox=\"0 0 1000 100\" preserveaspectratio=\"none\">\n\t<path class=\"elementor-shape-fill\" d=\"M790.5,93.1c-59.3-5.3-116.8-18-192.6-50c-29.6-12.7-76.9-31-100.5-35.9c-23.6-4.9-52.6-7.8-75.5-5.3\tc-10.2,1.1-22.6,1.4-50.1,7.4c-27.2,6.3-58.2,16.6-79.4,24.7c-41.3,15.9-94.9,21.9-134,22.6C72,58.2,0,25.8,0,25.8V100h1000V65.3\tc0,0-51.5,19.4-106.2,25.7C839.5,97,814.1,95.2,790.5,93.1z\"\/>\n<\/svg>\t\t<\/div>\n\t\t\t\t\t<div class=\"elementor-container elementor-column-gap-default\">\n\t\t\t\t\t<div class=\"elementor-column elementor-col-50 elementor-top-column elementor-element elementor-element-1b9f4c1\" data-id=\"1b9f4c1\" data-element_type=\"column\">\n\t\t\t<div class=\"elementor-widget-wrap elementor-element-populated\">\n\t\t\t\t\t\t<div class=\"elementor-element elementor-element-1313d07 elementor-widget elementor-widget-radiant-custom-heading\" data-id=\"1313d07\" data-element_type=\"widget\" data-widget_type=\"radiant-custom-heading.default\">\n\t\t\t\t<div class=\"elementor-widget-container\">\n\t\t\t\t\t<div class=\"rt-hover-heading\"><h1 class=\"rt-title-heading translation-block\"><span class=\"rt-highlight-txt\">Certificado<\/span> Oficial<\/h1>\n                <\/div>\t\t\t\t<\/div>\n\t\t\t\t<\/div>\n\t\t\t\t<div class=\"elementor-element elementor-element-d09a95a elementor-widget elementor-widget-text-editor\" data-id=\"d09a95a\" data-element_type=\"widget\" data-widget_type=\"text-editor.default\">\n\t\t\t\t<div class=\"elementor-widget-container\">\n\t\t\t\t\t\t\t\t\t<p>Depois de concluir o curso, voc\u00ea ser\u00e1 capaz de baixar um certificado internacional que totalmente reconhecido pelo Quadro Europeu Comum de Refer\u00eancia (CEFR).<\/p><p>Qualquer certificado emitido pode ser verificado por um n\u00famero \u00fanico ou QR Code.<\/p>\t\t\t\t\t\t\t\t<\/div>\n\t\t\t\t<\/div>\n\t\t\t\t<div class=\"elementor-element elementor-element-5479d3b elementor-widget elementor-widget-shortcode\" data-id=\"5479d3b\" data-element_type=\"widget\" data-widget_type=\"shortcode.default\">\n\t\t\t\t<div class=\"elementor-widget-container\">\n\t\t\t\t\t\t\t<div class=\"elementor-shortcode\">[certificate_verification]<\/div>\n\t\t\t\t\t\t<\/div>\n\t\t\t\t<\/div>\n\t\t\t\t\t<\/div>\n\t\t<\/div>\n\t\t\t\t<div class=\"elementor-column elementor-col-50 elementor-top-column elementor-element elementor-element-b759cda\" data-id=\"b759cda\" data-element_type=\"column\">\n\t\t\t<div class=\"elementor-widget-wrap elementor-element-populated\">\n\t\t\t\t\t\t<div class=\"elementor-element elementor-element-a2a5edb image-move-top-bottom elementor-widget elementor-widget-radiant-ratina\" data-id=\"a2a5edb\" data-element_type=\"widget\" data-widget_type=\"radiant-ratina.default\">\n\t\t\t\t<div class=\"elementor-widget-container\">\n\t\t\t\t\t<a class=\"rt-link\" href=\"\/pt\/certificate\/\">          <div class=\"rt-retina-image\">\n\t\t\t<div class=\"rt-retina-image-container\">\n\t\t\t<img decoding=\"async\" class=\"rt-img\"  src=\"https:\/\/2english.com\/wp-content\/uploads\/2023\/05\/english-cert-page.webp\" alt=\"international english certificate\" srcset=\"https:\/\/2english.com\/wp-content\/uploads\/2023\/05\/english-cert-page.webp 1x,https:\/\/2english.com\/wp-content\/uploads\/2023\/05\/english-cert-page.webp 2x\"\/>\n\t\t\t\n\t\t\t\t\t<\/div>\n\t\t<\/div>\n\t\t<\/a>\t\t\t\t<\/div>\n\t\t\t\t<\/div>\n\t\t\t\t\t<\/div>\n\t\t<\/div>\n\t\t\t\t\t<\/div>\n\t\t<\/section>\n\t\t\t\t<\/div>","protected":false},"excerpt":{"rendered":"<p>International Certificate After completing the course, you will be able to download an international certificate that fully recognized by the Common European Framework of Reference (CEFR). Any issued certificate can be verified by a unique number or QR Code. [certificate_verification]<\/p>","protected":false},"author":1,"featured_media":0,"parent":0,"menu_order":0,"comment_status":"closed","ping_status":"closed","template":"elementor_header_footer","meta":{"inline_featured_image":false,"slim_seo":{"title":"Certifica\u00e7\u00e3o de Ingl\u00eas Online - 2english","description":"Nossos cursos on-line flex\u00edveis atendem a alunos de todos os n\u00edveis, e nossa certifica\u00e7\u00e3o \u00e9 reconhecida globalmente."},"footnotes":""},"class_list":["post-36783","page","type-page","status-publish","hentry"],"_links":{"self":[{"href":"https:\/\/2english.com\/pt\/wp-json\/wp\/v2\/pages\/36783","targetHints":{"allow":["GET"]}}],"collection":[{"href":"https:\/\/2english.com\/pt\/wp-json\/wp\/v2\/pages"}],"about":[{"href":"https:\/\/2english.com\/pt\/wp-json\/wp\/v2\/types\/page"}],"author":[{"embeddable":true,"href":"https:\/\/2english.com\/pt\/wp-json\/wp\/v2\/users\/1"}],"replies":[{"embeddable":true,"href":"https:\/\/2english.com\/pt\/wp-json\/wp\/v2\/comments?post=36783"}],"version-history":[{"count":79,"href":"https:\/\/2english.com\/pt\/wp-json\/wp\/v2\/pages\/36783\/revisions"}],"predecessor-version":[{"id":69545,"href":"https:\/\/2english.com\/pt\/wp-json\/wp\/v2\/pages\/36783\/revisions\/69545"}],"wp:attachment":[{"href":"https:\/\/2english.com\/pt\/wp-json\/wp\/v2\/media?parent=36783"}],"curies":[{"name":"wp","href":"https:\/\/api.w.org\/{rel}","templated":true}]}}