{"id":36820,"date":"2022-09-23T04:21:29","date_gmt":"2022-09-23T04:21:29","guid":{"rendered":"https:\/\/2english.com\/?page_id=36820"},"modified":"2025-04-26T21:44:18","modified_gmt":"2025-04-26T18:44:18","slug":"contact","status":"publish","type":"page","link":"https:\/\/2english.com\/fr\/contact\/","title":{"rendered":"Contact"},"content":{"rendered":"<div data-elementor-type=\"wp-page\" data-elementor-id=\"36820\" class=\"elementor elementor-36820\" data-elementor-post-type=\"page\">\n\t\t\t\t\t\t<section class=\"elementor-section elementor-top-section elementor-element elementor-element-c19ce31 elementor-section-boxed elementor-section-height-default elementor-section-height-default\" data-id=\"c19ce31\" data-element_type=\"section\" data-settings=\"{&quot;background_background&quot;:&quot;gradient&quot;,&quot;shape_divider_bottom&quot;:&quot;waves&quot;,&quot;shape_divider_bottom_negative&quot;:&quot;yes&quot;}\">\n\t\t\t\t\t<div class=\"elementor-shape elementor-shape-bottom\" aria-hidden=\"true\" data-negative=\"true\">\n\t\t\t<svg xmlns=\"http:\/\/www.w3.org\/2000\/svg\" viewbox=\"0 0 1000 100\" preserveaspectratio=\"none\">\n\t<path class=\"elementor-shape-fill\" d=\"M790.5,93.1c-59.3-5.3-116.8-18-192.6-50c-29.6-12.7-76.9-31-100.5-35.9c-23.6-4.9-52.6-7.8-75.5-5.3\tc-10.2,1.1-22.6,1.4-50.1,7.4c-27.2,6.3-58.2,16.6-79.4,24.7c-41.3,15.9-94.9,21.9-134,22.6C72,58.2,0,25.8,0,25.8V100h1000V65.3\tc0,0-51.5,19.4-106.2,25.7C839.5,97,814.1,95.2,790.5,93.1z\"\/>\n<\/svg>\t\t<\/div>\n\t\t\t\t\t<div class=\"elementor-container elementor-column-gap-default\">\n\t\t\t\t\t<div class=\"elementor-column elementor-col-100 elementor-top-column elementor-element elementor-element-e9f0204\" data-id=\"e9f0204\" data-element_type=\"column\">\n\t\t\t<div class=\"elementor-widget-wrap elementor-element-populated\">\n\t\t\t\t\t\t<section class=\"elementor-section elementor-inner-section elementor-element elementor-element-34ead0b elementor-section-boxed elementor-section-height-default elementor-section-height-default\" data-id=\"34ead0b\" data-element_type=\"section\">\n\t\t\t\t\t\t<div class=\"elementor-container elementor-column-gap-default\">\n\t\t\t\t\t<div class=\"elementor-column elementor-col-50 elementor-inner-column elementor-element elementor-element-ba5574f\" data-id=\"ba5574f\" data-element_type=\"column\" data-settings=\"{&quot;background_background&quot;:&quot;classic&quot;}\">\n\t\t\t<div class=\"elementor-widget-wrap elementor-element-populated\">\n\t\t\t\t\t\t<div class=\"elementor-element elementor-element-e0a75a2 elementor-widget elementor-widget-radiant-custom-heading\" data-id=\"e0a75a2\" data-element_type=\"widget\" data-widget_type=\"radiant-custom-heading.default\">\n\t\t\t\t<div class=\"elementor-widget-container\">\n\t\t\t\t\t<div class=\"rt-hover-heading\"><div class=\"rt-title-heading\">Besoin d\u2019aide ?<span class=\"rt-highlight-txt\"><\/span><\/div>\n                <\/div>\t\t\t\t<\/div>\n\t\t\t\t<\/div>\n\t\t\t\t<div class=\"elementor-element elementor-element-f6c4a29 elementor-widget elementor-widget-text-editor\" data-id=\"f6c4a29\" data-element_type=\"widget\" data-widget_type=\"text-editor.default\">\n\t\t\t\t<div class=\"elementor-widget-container\">\n\t\t\t\t\t\t\t\t\t<p>Envoyez-nous votre message et nous r\u00e9pondrons \u00e0 vos questions.<\/p>\t\t\t\t\t\t\t\t<\/div>\n\t\t\t\t<\/div>\n\t\t\t\t<div class=\"elementor-element elementor-element-6207200 contact.form.elementor elementor-button-align-stretch elementor-widget elementor-widget-form\" data-id=\"6207200\" data-element_type=\"widget\" data-settings=\"{&quot;step_next_label&quot;:&quot;Next&quot;,&quot;step_previous_label&quot;:&quot;Previous&quot;,&quot;button_width&quot;:&quot;100&quot;,&quot;step_type&quot;:&quot;number_text&quot;,&quot;step_icon_shape&quot;:&quot;circle&quot;}\" data-widget_type=\"form.default\">\n\t\t\t\t<div class=\"elementor-widget-container\">\n\t\t\t\t\t\t\t<form class=\"elementor-form\" method=\"post\" name=\"Contact Form\" action=\"\">\n\t\t\t<input type=\"hidden\" name=\"post_id\" value=\"36820\"\/>\n\t\t\t<input type=\"hidden\" name=\"form_id\" value=\"6207200\"\/>\n\t\t\t<input type=\"hidden\" name=\"referer_title\" value=\"Contact Us\" \/>\n\n\t\t\t\t\t\t\t<input type=\"hidden\" name=\"queried_id\" value=\"36820\"\/>\n\t\t\t\n\t\t\t<div class=\"elementor-form-fields-wrapper elementor-labels-above\">\n\t\t\t\t\t\t\t\t<div class=\"elementor-field-type-text elementor-field-group elementor-column elementor-field-group-name elementor-col-50\">\n\t\t\t\t\t\t\t\t\t\t\t\t<label for=\"form-field-name\" class=\"elementor-field-label\">\n\t\t\t\t\t\t\t\tPr\u00e9nom\t\t\t\t\t\t\t<\/label>\n\t\t\t\t\t\t\t\t\t\t\t\t\t\t<input size=\"1\" type=\"text\" name=\"form_fields[name]\" id=\"form-field-name\" class=\"elementor-field elementor-size-sm  elementor-field-textual\" placeholder=\"Jason\">\n\t\t\t\t\t\t\t\t\t\t\t<\/div>\n\t\t\t\t\t\t\t\t<div class=\"elementor-field-type-text elementor-field-group elementor-column elementor-field-group-email elementor-col-50 elementor-field-required\">\n\t\t\t\t\t\t\t\t\t\t\t\t<label for=\"form-field-email\" class=\"elementor-field-label\">\n\t\t\t\t\t\t\t\tNom\t\t\t\t\t\t\t<\/label>\n\t\t\t\t\t\t\t\t\t\t\t\t\t\t<input size=\"1\" type=\"text\" name=\"form_fields[email]\" id=\"form-field-email\" class=\"elementor-field elementor-size-sm  elementor-field-textual\" placeholder=\"Parker\" required=\"required\">\n\t\t\t\t\t\t\t\t\t\t\t<\/div>\n\t\t\t\t\t\t\t\t<div class=\"elementor-field-type-email elementor-field-group elementor-column elementor-field-group-field_465c104 elementor-col-50 elementor-field-required\">\n\t\t\t\t\t\t\t\t\t\t\t\t<label for=\"form-field-field_465c104\" class=\"elementor-field-label\">\n\t\t\t\t\t\t\t\tAdresse e-mail\t\t\t\t\t\t\t<\/label>\n\t\t\t\t\t\t\t\t\t\t\t\t\t\t<input size=\"1\" type=\"email\" name=\"form_fields[field_465c104]\" id=\"form-field-field_465c104\" class=\"elementor-field elementor-size-sm  elementor-field-textual\" placeholder=\"jason@mail.com\" required=\"required\">\n\t\t\t\t\t\t\t\t\t\t\t<\/div>\n\t\t\t\t\t\t\t\t<div class=\"elementor-field-type-tel elementor-field-group elementor-column elementor-field-group-field_46567a1 elementor-col-50\">\n\t\t\t\t\t\t\t\t\t\t\t\t<label for=\"form-field-field_46567a1\" class=\"elementor-field-label\">\n\t\t\t\t\t\t\t\tT\u00e9l\u00e9phone\t\t\t\t\t\t\t<\/label>\n\t\t\t\t\t\t\t\t<input size=\"1\" type=\"tel\" name=\"form_fields[field_46567a1]\" id=\"form-field-field_46567a1\" class=\"elementor-field elementor-size-sm  elementor-field-textual\" placeholder=\"+1 000 000\" pattern=\"[0-9()#&amp;+*-=.]+\" title=\"Only numbers and phone characters (#, -, *, etc) are accepted.\" data-no-translation-title=\"\">\n\n\t\t\t\t\t\t<\/div>\n\t\t\t\t\t\t\t\t<div class=\"elementor-field-type-textarea elementor-field-group elementor-column elementor-field-group-message elementor-col-100\">\n\t\t\t\t\t\t\t\t\t\t\t\t<label for=\"form-field-message\" class=\"elementor-field-label\">\n\t\t\t\t\t\t\t\tVotre message\t\t\t\t\t\t\t<\/label>\n\t\t\t\t\t\t<textarea class=\"elementor-field-textual elementor-field  elementor-size-sm\" name=\"form_fields[message]\" id=\"form-field-message\" rows=\"4\" placeholder=\"write your message here ...\"><\/textarea>\t\t\t\t<\/div>\n\t\t\t\t\t\t\t\t<div class=\"elementor-field-type-recaptcha_v3 elementor-field-group elementor-column elementor-field-group-field_0fc1257 elementor-col-100 recaptcha_v3-bottomleft\">\n\t\t\t\t\t<div class=\"elementor-field\" id=\"form-field-field_0fc1257\"><div class=\"elementor-g-recaptcha\" data-sitekey=\"6LfngiUrAAAAAMZ3C6ythIy8TM434BJ6_r2mOAOu\" data-type=\"v3\" data-action=\"Form\" data-badge=\"bottomleft\" data-size=\"invisible\"><\/div><\/div>\t\t\t\t<\/div>\n\t\t\t\t\t\t\t\t<div class=\"elementor-field-group elementor-column elementor-field-type-submit elementor-col-100 e-form__buttons\">\n\t\t\t\t\t<button class=\"elementor-button elementor-size-md\" type=\"submit\">\n\t\t\t\t\t\t<span class=\"elementor-button-content-wrapper\">\n\t\t\t\t\t\t\t\t\t\t\t\t\t\t\t\t\t\t\t\t\t\t<span class=\"elementor-button-text\">Envoyer le message<\/span>\n\t\t\t\t\t\t\t\t\t\t\t\t\t<\/span>\n\t\t\t\t\t<\/button>\n\t\t\t\t<\/div>\n\t\t\t<\/div>\n\t\t<input type=\"hidden\" name=\"trp-form-language\" value=\"fr\"\/><\/form>\n\t\t\t\t\t\t<\/div>\n\t\t\t\t<\/div>\n\t\t\t\t<div class=\"elementor-element elementor-element-4beacfa elementor-widget elementor-widget-text-editor\" data-id=\"4beacfa\" data-element_type=\"widget\" data-widget_type=\"text-editor.default\">\n\t\t\t\t<div class=\"elementor-widget-container\">\n\t\t\t\t\t\t\t\t\t<div style=\"font-size: 16px;\">Comment b\u00e9n\u00e9ficier de nos services ? Consultez la <span style=\"color: #6d02c0;\"><a style=\"color: #6d02c0; text-decoration: underline;\" href=\"\/offer\/\">page des Conditions g\u00e9n\u00e9rales.<\/a><\/span><\/div>\t\t\t\t\t\t\t\t<\/div>\n\t\t\t\t<\/div>\n\t\t\t\t<div class=\"elementor-element elementor-element-241dea3 elementor-widget elementor-widget-text-editor\" data-id=\"241dea3\" data-element_type=\"widget\" data-widget_type=\"text-editor.default\">\n\t\t\t\t<div class=\"elementor-widget-container\">\n\t\t\t\t\t\t\t\t\t<p style=\"font-size: 12px;\">This site is protected by reCAPTCHA and the Google <a href=\"https:\/\/policies.google.com\/privacy\" rel=\"nofollow\">Confidentialit\u00e9<\/a> and <a href=\"https:\/\/policies.google.com\/terms\" rel=\"nofollow\">Terms of Service<\/a> apply.<\/p>\t\t\t\t\t\t\t\t<\/div>\n\t\t\t\t<\/div>\n\t\t\t\t\t<\/div>\n\t\t<\/div>\n\t\t\t\t<div class=\"elementor-column elementor-col-50 elementor-inner-column elementor-element elementor-element-07d628b\" data-id=\"07d628b\" data-element_type=\"column\">\n\t\t\t<div class=\"elementor-widget-wrap elementor-element-populated\">\n\t\t\t\t\t\t<div class=\"elementor-element elementor-element-4db1124 elementor-widget elementor-widget-text-editor\" data-id=\"4db1124\" data-element_type=\"widget\" data-widget_type=\"text-editor.default\">\n\t\t\t\t<div class=\"elementor-widget-container\">\n\t\t\t\t\t\t\t\t\tContact\t\t\t\t\t\t\t\t<\/div>\n\t\t\t\t<\/div>\n\t\t\t\t<div class=\"elementor-element elementor-element-98d1ebb elementor-widget elementor-widget-radiant-custom-heading\" data-id=\"98d1ebb\" data-element_type=\"widget\" data-widget_type=\"radiant-custom-heading.default\">\n\t\t\t\t<div class=\"elementor-widget-container\">\n\t\t\t\t\t<div class=\"rt-hover-heading\"><div class=\"rt-title-heading\">Contactez-nous<span class=\"rt-highlight-txt\"><\/span><\/div>\n                <\/div>\t\t\t\t<\/div>\n\t\t\t\t<\/div>\n\t\t\t\t<div class=\"elementor-element elementor-element-bcbd24f elementor-widget elementor-widget-text-editor\" data-id=\"bcbd24f\" data-element_type=\"widget\" data-widget_type=\"text-editor.default\">\n\t\t\t\t<div class=\"elementor-widget-container\">\n\t\t\t\t\t\t\t\t\t<p>Service client : Du lundi au vendredi, de 11h00 \u00e0 20h00 | GMT +3<\/p><p>Inscription aux cours 24h\/24, 7j\/7.<\/p><p>Consultez notre <a style=\"color: #6d02c0;\" href=\"\/fr\/help\/\">page de FAQ<\/a>. Vous y trouverez peut-\u00eatre la r\u00e9ponse \u00e0 votre question.<\/p><p>Si vous rencontrez des difficult\u00e9s avec le site, veuillez utiliser notre <a style=\"color: #6d02c0;\" href=\"\/fr\/help-desk\/\">help desk<\/a> (r\u00e9serv\u00e9 aux utilisateurs enregistr\u00e9s).<\/p>\t\t\t\t\t\t\t\t<\/div>\n\t\t\t\t<\/div>\n\t\t\t\t<div class=\"elementor-element elementor-element-f2e52aa elementor-widget elementor-widget-radiant-custom-heading\" data-id=\"f2e52aa\" data-element_type=\"widget\" data-widget_type=\"radiant-custom-heading.default\">\n\t\t\t\t<div class=\"elementor-widget-container\">\n\t\t\t\t\t<div class=\"rt-hover-heading\"><div class=\"rt-title-heading\">Appelez-nous : <span class=\"rt-highlight-txt\">000 300 200<\/span><\/div>\n                <\/div>\t\t\t\t<\/div>\n\t\t\t\t<\/div>\n\t\t\t\t<div class=\"elementor-element elementor-element-affa00b elementor-widget elementor-widget-radiant-custom-heading\" data-id=\"affa00b\" data-element_type=\"widget\" data-widget_type=\"radiant-custom-heading.default\">\n\t\t\t\t<div class=\"elementor-widget-container\">\n\t\t\t\t\t<div class=\"rt-hover-heading\"><div class=\"rt-title-heading\">Envoyer un e-mail : <span class=\"rt-highlight-txt\"><a style=\"color:#6d02c0;\" href=\"mailto:info@2english.com\">info@2english.com<\/a><\/span><\/div>\n                <\/div>\t\t\t\t<\/div>\n\t\t\t\t<\/div>\n\t\t\t\t<div class=\"elementor-element elementor-element-bdadb1f elementor-widget elementor-widget-radiant-custom-heading\" data-id=\"bdadb1f\" data-element_type=\"widget\" data-widget_type=\"radiant-custom-heading.default\">\n\t\t\t\t<div class=\"elementor-widget-container\">\n\t\t\t\t\t<div class=\"rt-hover-heading\"><span class=\"rt-title-heading\">Messageries : <span class=\"rt-highlight-txt\"><a href=\"\/fr\/\">\n<img decoding=\"async\" style=\"padding-right:5px; padding-left:5px;\" src=\"\/wp-content\/uploads\/2022\/08\/fb-button.svg\" title=\"Facebook\" alt=\"Facebook\" loading=\"lazy\">\t\t\t\t\t\t<\/a>\n\n<a href=\"\/fr\/\">\n<img decoding=\"async\" style=\"padding-right:5px;\" src=\"\/wp-content\/uploads\/2022\/08\/instagram-button.svg\" title=\"Instagram\" alt=\"Instagram\" loading=\"lazy\">\t\t\t\t\t\t<\/a>\n\n<a href=\"\/fr\/\">\n<img decoding=\"async\" style=\"padding-right:5px;\" src=\"\/wp-content\/uploads\/2022\/08\/whatsapp-button.svg\" title=\"WhatsApp\" alt=\"WhatsApp\" loading=\"lazy\">\t\t\t\t\t\t<\/a>\n\n\n<a href=\"\/fr\/\">\n<img decoding=\"async\" style=\"padding-right:5px;\" src=\"\/wp-content\/uploads\/2022\/08\/viber-button.svg\" title=\"Viber\" alt=\"Viber\" loading=\"lazy\">\t\t\t\t\t\t<\/a>\n\n\n<a href=\"\/fr\/\">\n<img decoding=\"async\" style=\"padding-right:5px;\" src=\"\/wp-content\/uploads\/2022\/08\/telegram-button.svg\" title=\"Telegram\" alt=\"Telegram\" loading=\"lazy\">\t\t\t\t\t\t<\/a>\n\n\n<a href=\"\/fr\/\">\n<img decoding=\"async\" style=\"padding-right:5px;\" src=\"\/wp-content\/uploads\/2022\/08\/chat-button.svg\" title=\"Chat\" alt=\"Chat\" loading=\"lazy\">\t\t\t\t\t\t<\/a><\/span><\/span>\n                <\/div>\t\t\t\t<\/div>\n\t\t\t\t<\/div>\n\t\t\t\t\t<\/div>\n\t\t<\/div>\n\t\t\t\t\t<\/div>\n\t\t<\/section>\n\t\t\t\t\t<\/div>\n\t\t<\/div>\n\t\t\t\t\t<\/div>\n\t\t<\/section>\n\t\t\t\t<\/div>","protected":false},"excerpt":{"rendered":"<p>Need any help? Send your message and we will answer all your questions. How to take our service? Visit Terms &amp; Conditions page. This site is protected by reCAPTCHA and the Google Privacy Policy and Terms of Service apply. Contact Us Get in touch with us Support service: Monday to Friday 11:00-20:00 | GMT +3 [&hellip;]<\/p>","protected":false},"author":1,"featured_media":0,"parent":0,"menu_order":0,"comment_status":"closed","ping_status":"closed","template":"elementor_header_footer","meta":{"inline_featured_image":false,"slim_seo":{"description":"Vous souhaitez contacter 2english ? Notre \u00e9quipe du service client est disponible pour vous fournir une assistance de premier ordre afin de r\u00e9pondre \u00e0 tous vos besoins.","title":"Contact - 2english"},"footnotes":""},"class_list":["post-36820","page","type-page","status-publish","hentry"],"publishpress_future_workflow_manual_trigger":{"enabledWorkflows":[]},"_links":{"self":[{"href":"https:\/\/2english.com\/fr\/wp-json\/wp\/v2\/pages\/36820","targetHints":{"allow":["GET"]}}],"collection":[{"href":"https:\/\/2english.com\/fr\/wp-json\/wp\/v2\/pages"}],"about":[{"href":"https:\/\/2english.com\/fr\/wp-json\/wp\/v2\/types\/page"}],"author":[{"embeddable":true,"href":"https:\/\/2english.com\/fr\/wp-json\/wp\/v2\/users\/1"}],"replies":[{"embeddable":true,"href":"https:\/\/2english.com\/fr\/wp-json\/wp\/v2\/comments?post=36820"}],"version-history":[{"count":98,"href":"https:\/\/2english.com\/fr\/wp-json\/wp\/v2\/pages\/36820\/revisions"}],"predecessor-version":[{"id":70120,"href":"https:\/\/2english.com\/fr\/wp-json\/wp\/v2\/pages\/36820\/revisions\/70120"}],"wp:attachment":[{"href":"https:\/\/2english.com\/fr\/wp-json\/wp\/v2\/media?parent=36820"}],"curies":[{"name":"wp","href":"https:\/\/api.w.org\/{rel}","templated":true}]}}