{"id":36397,"date":"2022-09-14T06:22:22","date_gmt":"2022-09-14T06:22:22","guid":{"rendered":"https:\/\/2english.com\/?page_id=36397"},"modified":"2026-04-08T15:28:33","modified_gmt":"2026-04-08T12:28:33","slug":"test","status":"publish","type":"page","link":"https:\/\/2english.com\/fr\/test\/","title":{"rendered":"Test your English Online"},"content":{"rendered":"<div data-elementor-type=\"wp-page\" data-elementor-id=\"36397\" class=\"elementor elementor-36397\" data-elementor-post-type=\"page\">\n\t\t\t\t\t\t<section class=\"elementor-section elementor-top-section elementor-element elementor-element-392d051 elementor-section-boxed elementor-section-height-default elementor-section-height-default\" data-id=\"392d051\" data-element_type=\"section\" data-e-type=\"section\" data-settings=\"{&quot;background_background&quot;:&quot;gradient&quot;,&quot;shape_divider_bottom&quot;:&quot;waves&quot;,&quot;shape_divider_bottom_negative&quot;:&quot;yes&quot;}\">\n\t\t\t\t\t\t\t<div class=\"elementor-background-overlay\"><\/div>\n\t\t\t\t\t\t<div class=\"elementor-shape elementor-shape-bottom\" aria-hidden=\"true\" data-negative=\"true\">\n\t\t\t<svg xmlns=\"http:\/\/www.w3.org\/2000\/svg\" viewbox=\"0 0 1000 100\" preserveaspectratio=\"none\">\n\t<path class=\"elementor-shape-fill\" d=\"M790.5,93.1c-59.3-5.3-116.8-18-192.6-50c-29.6-12.7-76.9-31-100.5-35.9c-23.6-4.9-52.6-7.8-75.5-5.3\tc-10.2,1.1-22.6,1.4-50.1,7.4c-27.2,6.3-58.2,16.6-79.4,24.7c-41.3,15.9-94.9,21.9-134,22.6C72,58.2,0,25.8,0,25.8V100h1000V65.3\tc0,0-51.5,19.4-106.2,25.7C839.5,97,814.1,95.2,790.5,93.1z\"\/>\n<\/svg>\t\t<\/div>\n\t\t\t\t\t<div class=\"elementor-container elementor-column-gap-default\">\n\t\t\t\t\t<div class=\"elementor-column elementor-col-100 elementor-top-column elementor-element elementor-element-61f8c55\" data-id=\"61f8c55\" data-element_type=\"column\" data-e-type=\"column\">\n\t\t\t<div class=\"elementor-widget-wrap elementor-element-populated\">\n\t\t\t\t\t\t<section class=\"elementor-section elementor-inner-section elementor-element elementor-element-b25f2dd elementor-section-boxed elementor-section-height-default elementor-section-height-default\" data-id=\"b25f2dd\" data-element_type=\"section\" data-e-type=\"section\">\n\t\t\t\t\t\t<div class=\"elementor-container elementor-column-gap-default\">\n\t\t\t\t\t<div class=\"elementor-column elementor-col-50 elementor-inner-column elementor-element elementor-element-62a0176\" data-id=\"62a0176\" data-element_type=\"column\" data-e-type=\"column\">\n\t\t\t<div class=\"elementor-widget-wrap elementor-element-populated\">\n\t\t\t\t\t\t<div class=\"elementor-element elementor-element-35ccb3c elementor-widget elementor-widget-radiant-custom-heading\" data-id=\"35ccb3c\" data-element_type=\"widget\" data-e-type=\"widget\" data-widget_type=\"radiant-custom-heading.default\">\n\t\t\t\t<div class=\"elementor-widget-container\">\n\t\t\t\t\t<h1 class=\"heading-style-ten rt-words rt-splitting translation-block\" data-splitting=\"\" data-scroll=\"in\" ><span class=\"rt-words elementor-repeater-item-365a219\" data-word=\"English Test\" style=\"--word-index: 1\">Test d\u2019anglais<\/span><span class=\"whitespace\"> <\/span>\n<span class=\"rt-words elementor-repeater-item-ce92af6\" data-word=\"Free\" style=\"--word-index: 0\">Gratuit<\/span><span class=\"whitespace\"> <\/span><\/h1>\t\t\t\t<\/div>\n\t\t\t\t<\/div>\n\t\t\t\t<div class=\"elementor-element elementor-element-0f722ab elementor-widget elementor-widget-text-editor\" data-id=\"0f722ab\" data-element_type=\"widget\" data-e-type=\"widget\" data-widget_type=\"text-editor.default\">\n\t\t\t\t<div class=\"elementor-widget-container\">\n\t\t\t\t\t\t\t\t\t<p>Passez le test pour d\u00e9terminer rapidement et correctement votre niveau de connaissance de la langue anglaise.<\/p><p>Ce test permet de v\u00e9rifier votre niveau de grammaire, de vocabulaire, de lecture et d\u2019\u00e9coute en anglais. Si vous ne connaissez pas la r\u00e9ponse \u00e0 une question, il est pr\u00e9f\u00e9rable de passer \u00e0 la suivante pour \u00e9viter des r\u00e9sultats incorrects.<\/p>\t\t\t\t\t\t\t\t<\/div>\n\t\t\t\t<\/div>\n\t\t\t\t<div class=\"elementor-element elementor-element-7c28b20 elementor-widget elementor-widget-shortcode\" data-id=\"7c28b20\" data-element_type=\"widget\" data-e-type=\"widget\" data-widget_type=\"shortcode.default\">\n\t\t\t\t<div class=\"elementor-widget-container\">\n\t\t\t\t\t\t\t<div class=\"elementor-shortcode\"><div class=\"learndash-wrapper\"><a class=\"ld-login ld-login ld-login-text ld-login-button ld-button\" href=\"https:\/\/2english.com\/fr\/sign-in\/?redirect_to=https%3A%2F%2F2english.com%2Ffr%2Ftest%2F\"><span class=\"ld-icon ld-icon-login ld-icon-left\"><\/span>Login<\/a><\/div><\/div>\n\t\t\t\t\t\t<\/div>\n\t\t\t\t<\/div>\n\t\t\t\t\t<\/div>\n\t\t<\/div>\n\t\t\t\t<div class=\"elementor-column elementor-col-50 elementor-inner-column elementor-element elementor-element-0806300\" data-id=\"0806300\" data-element_type=\"column\" data-e-type=\"column\">\n\t\t\t<div class=\"elementor-widget-wrap elementor-element-populated\">\n\t\t\t\t\t\t<div class=\"elementor-element elementor-element-9fbc83a elementor-absolute elementor-hidden-tablet_extra elementor-hidden-tablet elementor-hidden-mobile_extra elementor-hidden-mobile elementor-widget elementor-widget-image\" data-id=\"9fbc83a\" data-element_type=\"widget\" data-e-type=\"widget\" data-settings=\"{&quot;_position&quot;:&quot;absolute&quot;}\" data-widget_type=\"image.default\">\n\t\t\t\t<div class=\"elementor-widget-container\">\n\t\t\t\t\t\t\t\t\t\t\t\t\t\t\t<img decoding=\"async\" width=\"27\" height=\"27\" src=\"https:\/\/2english.com\/wp-content\/uploads\/2022\/10\/Ellipse-872.svg\" class=\"attachment-full size-full wp-image-42685\" alt=\"Ellipse\" \/>\t\t\t\t\t\t\t\t\t\t\t\t\t\t\t<\/div>\n\t\t\t\t<\/div>\n\t\t\t\t<div class=\"elementor-element elementor-element-c80a238 image-move-top-bottom elementor-widget elementor-widget-radiant-ratina\" data-id=\"c80a238\" data-element_type=\"widget\" data-e-type=\"widget\" data-widget_type=\"radiant-ratina.default\">\n\t\t\t\t<div class=\"elementor-widget-container\">\n\t\t\t\t\t<a class=\"rt-link\" href=\"\">          <div class=\"rt-retina-image\">\n\t\t\t<div class=\"rt-retina-image-container\">\n\t\t\t<img decoding=\"async\" class=\"rt-img\"  src=\"https:\/\/2english.com\/wp-content\/uploads\/2025\/01\/test-main-banner-fr.webp\" alt=\"Online English Test\" srcset=\"https:\/\/2english.com\/wp-content\/uploads\/2025\/01\/test-main-banner-fr.webp 1260w, https:\/\/2english.com\/wp-content\/uploads\/2025\/01\/test-main-banner-fr-291x300.webp 291w, https:\/\/2english.com\/wp-content\/uploads\/2025\/01\/test-main-banner-fr-994x1024.webp 994w, https:\/\/2english.com\/wp-content\/uploads\/2025\/01\/test-main-banner-fr-768x791.webp 768w, https:\/\/2english.com\/wp-content\/uploads\/2025\/01\/test-main-banner-fr-12x12.webp 12w, https:\/\/2english.com\/wp-content\/uploads\/2025\/01\/test-main-banner-fr-600x618.webp 600w\"\/>\n\t\t\t\n\t\t\t\t\t<\/div>\n\t\t<\/div>\n\t\t<\/a>\t\t\t\t<\/div>\n\t\t\t\t<\/div>\n\t\t\t\t\t<\/div>\n\t\t<\/div>\n\t\t\t\t\t<\/div>\n\t\t<\/section>\n\t\t\t\t\t<\/div>\n\t\t<\/div>\n\t\t\t\t\t<\/div>\n\t\t<\/section>\n\t\t\t\t<\/div>","protected":false},"excerpt":{"rendered":"<p>Free English Test Take the test, after which you can quickly and correctly find out your level of English language knowledge. In this test we check the level of grammar, vocabulary, reading and listening of English. If you don&#8217;t know the answer to a question, it&#8217;s best to skip it to avoid incorrect results.<\/p>","protected":false},"author":1,"featured_media":0,"parent":0,"menu_order":0,"comment_status":"closed","ping_status":"closed","template":"elementor_header_footer","meta":{"inline_featured_image":false,"slim_seo":{"description":"Vous souhaitez passer un test d\u2019anglais en ligne ? 2english vous offre un moyen rapide et facile d\u2019\u00e9valuer vos comp\u00e9tences en anglais.","title":"Testez votre niveau en anglais - 2english"},"footnotes":""},"class_list":["post-36397","page","type-page","status-publish","hentry"],"_links":{"self":[{"href":"https:\/\/2english.com\/fr\/wp-json\/wp\/v2\/pages\/36397","targetHints":{"allow":["GET"]}}],"collection":[{"href":"https:\/\/2english.com\/fr\/wp-json\/wp\/v2\/pages"}],"about":[{"href":"https:\/\/2english.com\/fr\/wp-json\/wp\/v2\/types\/page"}],"author":[{"embeddable":true,"href":"https:\/\/2english.com\/fr\/wp-json\/wp\/v2\/users\/1"}],"replies":[{"embeddable":true,"href":"https:\/\/2english.com\/fr\/wp-json\/wp\/v2\/comments?post=36397"}],"version-history":[{"count":70,"href":"https:\/\/2english.com\/fr\/wp-json\/wp\/v2\/pages\/36397\/revisions"}],"predecessor-version":[{"id":71490,"href":"https:\/\/2english.com\/fr\/wp-json\/wp\/v2\/pages\/36397\/revisions\/71490"}],"wp:attachment":[{"href":"https:\/\/2english.com\/fr\/wp-json\/wp\/v2\/media?parent=36397"}],"curies":[{"name":"wp","href":"https:\/\/api.w.org\/{rel}","templated":true}]}}